{"id":1061,"date":"2021-08-14T23:45:22","date_gmt":"2021-08-14T21:45:22","guid":{"rendered":"https:\/\/cjo.leczna.pl\/?page_id=1061"},"modified":"2021-08-16T17:22:52","modified_gmt":"2021-08-16T15:22:52","slug":"zajecia-online","status":"publish","type":"page","link":"https:\/\/cjo.leczna.pl\/index.php\/zajecia-online\/","title":{"rendered":"Zaj\u0119cia ONLINE"},"content":{"rendered":"\t\t<div data-elementor-type=\"wp-page\" data-elementor-id=\"1061\" class=\"elementor elementor-1061\" data-elementor-settings=\"[]\">\n\t\t\t\t\t\t\t<div class=\"elementor-section-wrap\">\n\t\t\t\t\t\t\t<section class=\"elementor-section elementor-top-section elementor-element elementor-element-016fzyr elementor-section-content-top elementor-section-boxed elementor-section-height-default elementor-section-height-default\" data-id=\"016fzyr\" data-element_type=\"section\" data-settings=\"{&quot;background_background&quot;:&quot;classic&quot;}\">\n\t\t\t\t\t\t\t<div class=\"elementor-background-overlay\"><\/div>\n\t\t\t\t\t\t\t<div class=\"elementor-container elementor-column-gap-no\">\n\t\t\t\t\t<div class=\"elementor-column elementor-col-100 elementor-top-column elementor-element elementor-element-5312e3d\" data-id=\"5312e3d\" data-element_type=\"column\">\n\t\t\t<div class=\"elementor-widget-wrap elementor-element-populated\">\n\t\t\t\t\t\t\t\t<div class=\"elementor-element elementor-element-f8e2218 elementor-widget elementor-widget-heading\" data-id=\"f8e2218\" data-element_type=\"widget\" data-widget_type=\"heading.default\">\n\t\t\t\t<div class=\"elementor-widget-container\">\n\t\t\t<h2 class=\"elementor-heading-title elementor-size-default\">Zaj\u0119cia ONLINE<\/h2>\t\t<\/div>\n\t\t\t\t<\/div>\n\t\t\t\t<div class=\"elementor-element elementor-element-14524f7 elementor-widget elementor-widget-text-editor\" data-id=\"14524f7\" data-element_type=\"widget\" data-widget_type=\"text-editor.default\">\n\t\t\t\t<div class=\"elementor-widget-container\">\n\t\t\t\t\t\t\t\t<p>Od 2020 CJO zosta\u0142o przekszta\u0142cone w firm\u0119 \u015bwiadcz\u0105c\u0105 us\u0142ugi nauki j\u0119zyka angielskiego online.<\/p><p>Ewentualnie prowadzone w formie spotka\u0144 indywidualnych w siedzibie firmy &#8211;<strong> tylko dla powiatu \u0142\u0119czy\u0144skiego.<\/strong><\/p><p>Ww tutoring &#8211; nauczanie indywidualne zosta\u0142 zdeterminowany przez warunki pandemiczne jak r\u00f3wnie\u017c wzgl\u0119dami komfortu pracy i zapotrzebowaniom celowym klienta.<\/p><p>Odbiorc\u0105 takich us\u0142ug s\u0105 g\u0142ownie osoby poszukuj\u0105ce \u015bci\u015ble okre\u015blonych cel\u00f3w kszta\u0142cenia tj. egzaminy specjalistyczne<\/p><p><strong>TEOFL<\/strong> &#8211; egzamin miedzynarodowy online akademicki ameryka\u0144ski<\/p><p><strong>TOEIC<\/strong> &#8211; egzamin mi\u0119dzynarodowy (USA) g\u0142ownie &#8220;Business&#8221;<\/p><p><strong>IELTS <\/strong>&#8211; egzamin mi\u0119dzynarodowy angielski (GB)<\/p><p><strong>PCE<\/strong> &#8211; egzamin profesjonalny (GB)<\/p><p><strong>CAE<\/strong> &#8211; egzamin zaawansowany (GB)<\/p><p><strong>FCE<\/strong> &#8211; egzamin \u015brednio zaawansowany wy\u017cszy (GB)<\/p><p><strong>Matura<\/strong>&#8211; egzamin m\u0142odzie\u017cowy (PL)<\/p><p><strong>8-klasa<\/strong> &#8211; egzamin \u00f3smoklasisty (PL)<\/p><p>\u00a0<\/p><p>Zaj\u0119cia ONLINE prowadzone s\u0105 na platformie skype &#8211; <a href=\"https:\/\/join.skype.com\/invite\/mAq2E3Vvonkn\"><strong>LINK<\/strong><\/a><\/p>\t\t\t\t\t\t<\/div>\n\t\t\t\t<\/div>\n\t\t\t\t\t<\/div>\n\t\t<\/div>\n\t\t\t\t\t\t\t<\/div>\n\t\t<\/section>\n\t\t\t\t\t\t<\/div>\n\t\t\t\t\t<\/div>\n\t\t","protected":false},"excerpt":{"rendered":"<p>Zaj\u0119cia ONLINE Od 2020 CJO zosta\u0142o przekszta\u0142cone w firm\u0119 \u015bwiadcz\u0105c\u0105 us\u0142ugi nauki j\u0119zyka angielskiego online. Ewentualnie prowadzone w formie spotka\u0144 indywidualnych w siedzibie firmy &#8211; tylko dla powiatu \u0142\u0119czy\u0144skiego. Ww tutoring &#8211; nauczanie indywidualne zosta\u0142 zdeterminowany przez warunki pandemiczne jak r\u00f3wnie\u017c wzgl\u0119dami komfortu pracy i zapotrzebowaniom celowym klienta. Odbiorc\u0105 takich us\u0142ug s\u0105 g\u0142ownie osoby poszukuj\u0105ce &hellip;<\/p>\n<p class=\"read-more\"> <a class=\"\" href=\"https:\/\/cjo.leczna.pl\/index.php\/zajecia-online\/\"> <span class=\"screen-reader-text\">Zaj\u0119cia ONLINE<\/span> Read More &raquo;<\/a><\/p>\n","protected":false},"author":1,"featured_media":0,"parent":0,"menu_order":0,"comment_status":"closed","ping_status":"closed","template":"","meta":{"_links_to":"","_links_to_target":""},"_links":{"self":[{"href":"https:\/\/cjo.leczna.pl\/index.php\/wp-json\/wp\/v2\/pages\/1061"}],"collection":[{"href":"https:\/\/cjo.leczna.pl\/index.php\/wp-json\/wp\/v2\/pages"}],"about":[{"href":"https:\/\/cjo.leczna.pl\/index.php\/wp-json\/wp\/v2\/types\/page"}],"author":[{"embeddable":true,"href":"https:\/\/cjo.leczna.pl\/index.php\/wp-json\/wp\/v2\/users\/1"}],"replies":[{"embeddable":true,"href":"https:\/\/cjo.leczna.pl\/index.php\/wp-json\/wp\/v2\/comments?post=1061"}],"version-history":[{"count":16,"href":"https:\/\/cjo.leczna.pl\/index.php\/wp-json\/wp\/v2\/pages\/1061\/revisions"}],"predecessor-version":[{"id":1215,"href":"https:\/\/cjo.leczna.pl\/index.php\/wp-json\/wp\/v2\/pages\/1061\/revisions\/1215"}],"wp:attachment":[{"href":"https:\/\/cjo.leczna.pl\/index.php\/wp-json\/wp\/v2\/media?parent=1061"}],"curies":[{"name":"wp","href":"https:\/\/api.w.org\/{rel}","templated":true}]}}